{"id":10,"date":"2011-07-31T16:50:43","date_gmt":"2011-07-31T16:50:43","guid":{"rendered":"http:\/\/papyri.ch\/wordpress\/?page_id=10"},"modified":"2011-08-12T16:27:19","modified_gmt":"2011-08-12T16:27:19","slug":"conservation-preventive","status":"publish","type":"page","link":"https:\/\/www.papyri.ch\/?page_id=10","title":{"rendered":"Conservation pr\u00e9ventive"},"content":{"rendered":"<p>La conservation pr\u00e9ventive est une discipline r\u00e9cente qui permet un traitement de masse des \u0153uvres en axant les d\u00e9marches sur la pr\u00e9vention des d\u00e9g\u00e2ts avec une vision \u00e0 long terme.<\/p>\n<p>En recherchant les meilleures conditions pour conserver les \u0153uvres, il est possible d&#8217;\u00e9viter des traitements curatifs ponctuels. <strong><\/strong><\/p>\n<p>Les param\u00e8tres suivant vont \u00eatre particuli\u00e8rement analys\u00e9s: <strong><\/strong><\/p>\n<ul>\n<li>le climat (temp\u00e9rature, humidit\u00e9 relative)<\/li>\n<li>les outils, mobilier et concepts de stockage<\/li>\n<li>l&#8217;\u00e9clairement<\/li>\n<li>les mat\u00e9riaux en contact avec les \u0153uvres<\/li>\n<li>les polluants atmosph\u00e9riques<\/li>\n<li>risques d&#8217;infestation<\/li>\n<li>r\u00e9action en cas de catastrophe<\/li>\n<\/ul>\n<div id='gallery-1' class='gallery galleryid-10 gallery-columns-4 gallery-size-thumbnail'><figure class='gallery-item'>\n\t\t\t<div class='gallery-icon landscape'>\n\t\t\t\t<a href='https:\/\/www.papyri.ch\/?attachment_id=109'><img loading=\"lazy\" decoding=\"async\" width=\"150\" height=\"150\" src=\"https:\/\/www.papyri.ch\/wp-content\/uploads\/2011\/07\/DSCN7669-Copie-2-150x150.jpg\" class=\"attachment-thumbnail size-thumbnail\" alt=\"\" srcset=\"https:\/\/www.papyri.ch\/wp-content\/uploads\/2011\/07\/DSCN7669-Copie-2-150x150.jpg 150w, https:\/\/www.papyri.ch\/wp-content\/uploads\/2011\/07\/DSCN7669-Copie-2-110x110.jpg 110w\" sizes=\"(max-width: 150px) 100vw, 150px\" \/><\/a>\n\t\t\t<\/div><\/figure><figure class='gallery-item'>\n\t\t\t<div class='gallery-icon landscape'>\n\t\t\t\t<a href='https:\/\/www.papyri.ch\/?attachment_id=110'><img loading=\"lazy\" decoding=\"async\" width=\"150\" height=\"150\" src=\"https:\/\/www.papyri.ch\/wp-content\/uploads\/2011\/07\/DSCN2505-150x150.jpg\" class=\"attachment-thumbnail size-thumbnail\" alt=\"\" srcset=\"https:\/\/www.papyri.ch\/wp-content\/uploads\/2011\/07\/DSCN2505-150x150.jpg 150w, https:\/\/www.papyri.ch\/wp-content\/uploads\/2011\/07\/DSCN2505-110x110.jpg 110w\" sizes=\"(max-width: 150px) 100vw, 150px\" \/><\/a>\n\t\t\t<\/div><\/figure><figure class='gallery-item'>\n\t\t\t<div class='gallery-icon landscape'>\n\t\t\t\t<a href='https:\/\/www.papyri.ch\/?attachment_id=111'><img loading=\"lazy\" decoding=\"async\" width=\"150\" height=\"150\" src=\"https:\/\/www.papyri.ch\/wp-content\/uploads\/2011\/07\/DSCN2516-150x150.jpg\" class=\"attachment-thumbnail size-thumbnail\" alt=\"\" srcset=\"https:\/\/www.papyri.ch\/wp-content\/uploads\/2011\/07\/DSCN2516-150x150.jpg 150w, https:\/\/www.papyri.ch\/wp-content\/uploads\/2011\/07\/DSCN2516-110x110.jpg 110w\" sizes=\"(max-width: 150px) 100vw, 150px\" \/><\/a>\n\t\t\t<\/div><\/figure><figure class='gallery-item'>\n\t\t\t<div class='gallery-icon portrait'>\n\t\t\t\t<a href='https:\/\/www.papyri.ch\/?attachment_id=114'><img loading=\"lazy\" decoding=\"async\" width=\"150\" height=\"150\" src=\"https:\/\/www.papyri.ch\/wp-content\/uploads\/2011\/07\/DSCN7673-Copie-150x150.jpg\" class=\"attachment-thumbnail size-thumbnail\" alt=\"\" srcset=\"https:\/\/www.papyri.ch\/wp-content\/uploads\/2011\/07\/DSCN7673-Copie-150x150.jpg 150w, https:\/\/www.papyri.ch\/wp-content\/uploads\/2011\/07\/DSCN7673-Copie-110x110.jpg 110w\" sizes=\"(max-width: 150px) 100vw, 150px\" \/><\/a>\n\t\t\t<\/div><\/figure>\n\t\t<\/div>\n\n","protected":false},"excerpt":{"rendered":"<p>La conservation pr\u00e9ventive est une discipline r\u00e9cente qui permet un traitement de masse des \u0153uvres en axant les d\u00e9marches sur la pr\u00e9vention des d\u00e9g\u00e2ts avec une vision \u00e0 long terme. En recherchant les meilleures conditions pour conserver les \u0153uvres, il est possible d&#8217;\u00e9viter des traitements curatifs ponctuels. Les param\u00e8tres suivant vont \u00eatre particuli\u00e8rement analys\u00e9s: le [&hellip;]<\/p>\n","protected":false},"author":1,"featured_media":0,"parent":0,"menu_order":2,"comment_status":"closed","ping_status":"open","template":"","meta":{"footnotes":""},"class_list":["post-10","page","type-page","status-publish","hentry"],"_links":{"self":[{"href":"https:\/\/www.papyri.ch\/index.php?rest_route=\/wp\/v2\/pages\/10"}],"collection":[{"href":"https:\/\/www.papyri.ch\/index.php?rest_route=\/wp\/v2\/pages"}],"about":[{"href":"https:\/\/www.papyri.ch\/index.php?rest_route=\/wp\/v2\/types\/page"}],"author":[{"embeddable":true,"href":"https:\/\/www.papyri.ch\/index.php?rest_route=\/wp\/v2\/users\/1"}],"replies":[{"embeddable":true,"href":"https:\/\/www.papyri.ch\/index.php?rest_route=%2Fwp%2Fv2%2Fcomments&post=10"}],"version-history":[{"count":10,"href":"https:\/\/www.papyri.ch\/index.php?rest_route=\/wp\/v2\/pages\/10\/revisions"}],"predecessor-version":[{"id":22,"href":"https:\/\/www.papyri.ch\/index.php?rest_route=\/wp\/v2\/pages\/10\/revisions\/22"}],"wp:attachment":[{"href":"https:\/\/www.papyri.ch\/index.php?rest_route=%2Fwp%2Fv2%2Fmedia&parent=10"}],"curies":[{"name":"wp","href":"https:\/\/api.w.org\/{rel}","templated":true}]}}