{"id":12,"date":"2011-07-31T16:52:05","date_gmt":"2011-07-31T16:52:05","guid":{"rendered":"http:\/\/papyri.ch\/wordpress\/?page_id=12"},"modified":"2011-08-12T16:16:37","modified_gmt":"2011-08-12T16:16:37","slug":"restauration-curative","status":"publish","type":"page","link":"https:\/\/www.papyri.ch\/?page_id=12","title":{"rendered":"Restauration curative"},"content":{"rendered":"<p>Tout acte de restauration est un acte curatif.<\/p>\n<p>S&#8217;il n&#8217;est pas associ\u00e9 d&#8217;une r\u00e9flexion globale sur les causes de la d\u00e9gradation de l&#8217;\u0153uvre, il est probable que l&#8217;acte devra se r\u00e9p\u00e9ter dans le temps. Il convient donc de lui joindre des conseils en mati\u00e8re de conservation pr\u00e9ventive.<\/p>\n<p>La restauration s&#8217;est construite une vision \u00e9thique qui d\u00e9coule de la charte de Venise.<\/p>\n<p>Les approches sont actuellement r\u00e9gies par des codes de d\u00e9ontologie.<\/p>\n<ul>\n<li>la restauration doit \u00eatre r\u00e9versible et utiliser des mat\u00e9riaux inertes et compatibles.<\/li>\n<li>la restauration ne doit pas \u00eatre volontairement masqu\u00e9e. Il doit \u00eatre possible de diff\u00e9rencier une partie originale de l&#8217;\u0153uvre d&#8217;une partie restaur\u00e9e.<\/li>\n<li>la restauration ne doit pas \u00eatre invasive et reconstituer sans fondement des parties manquantes.<\/li>\n<\/ul>\n<p>La recherche en mati\u00e8re de conservation-restauration est en perp\u00e9tuelle \u00e9volution et il convient d&#8217;\u00eatre au courant de celles-ci en participant aux colloques annuels et en nouant des liens avec les coll\u00e8gues de la branche.<\/p>\n<p>En effet, chaque \u0153uvre ou objet est unique et apporte avec lui des probl\u00e9matiques nouvelles. C&#8217;est \u00e0 partir d&#8217;une solide formation de base qu&#8217;il est possible d&#8217;appr\u00e9hender celles-ci pour proposer un concept de conservation-restauration adapt\u00e9.<div id='gallery-1' class='gallery galleryid-12 gallery-columns-4 gallery-size-thumbnail'><figure class='gallery-item'>\n\t\t\t<div class='gallery-icon landscape'>\n\t\t\t\t<a href='https:\/\/www.papyri.ch\/?attachment_id=93'><img loading=\"lazy\" decoding=\"async\" width=\"150\" height=\"150\" src=\"https:\/\/www.papyri.ch\/wp-content\/uploads\/2011\/07\/DSCN1852-150x150.jpg\" class=\"attachment-thumbnail size-thumbnail\" alt=\"\" srcset=\"https:\/\/www.papyri.ch\/wp-content\/uploads\/2011\/07\/DSCN1852-150x150.jpg 150w, https:\/\/www.papyri.ch\/wp-content\/uploads\/2011\/07\/DSCN1852-110x110.jpg 110w\" sizes=\"(max-width: 150px) 100vw, 150px\" \/><\/a>\n\t\t\t<\/div><\/figure><figure class='gallery-item'>\n\t\t\t<div class='gallery-icon portrait'>\n\t\t\t\t<a href='https:\/\/www.papyri.ch\/?attachment_id=94'><img loading=\"lazy\" decoding=\"async\" width=\"150\" height=\"150\" src=\"https:\/\/www.papyri.ch\/wp-content\/uploads\/2011\/07\/DSCN1864-150x150.jpg\" class=\"attachment-thumbnail size-thumbnail\" alt=\"\" srcset=\"https:\/\/www.papyri.ch\/wp-content\/uploads\/2011\/07\/DSCN1864-150x150.jpg 150w, https:\/\/www.papyri.ch\/wp-content\/uploads\/2011\/07\/DSCN1864-110x110.jpg 110w\" sizes=\"(max-width: 150px) 100vw, 150px\" \/><\/a>\n\t\t\t<\/div><\/figure><figure class='gallery-item'>\n\t\t\t<div class='gallery-icon landscape'>\n\t\t\t\t<a href='https:\/\/www.papyri.ch\/?attachment_id=95'><img loading=\"lazy\" decoding=\"async\" width=\"150\" height=\"150\" src=\"https:\/\/www.papyri.ch\/wp-content\/uploads\/2011\/07\/Fig.2_-Documentation-et-d\u00e9gagement-150x150.jpg\" class=\"attachment-thumbnail size-thumbnail\" alt=\"\" srcset=\"https:\/\/www.papyri.ch\/wp-content\/uploads\/2011\/07\/Fig.2_-Documentation-et-d\u00e9gagement-150x150.jpg 150w, https:\/\/www.papyri.ch\/wp-content\/uploads\/2011\/07\/Fig.2_-Documentation-et-d\u00e9gagement-110x110.jpg 110w\" sizes=\"(max-width: 150px) 100vw, 150px\" \/><\/a>\n\t\t\t<\/div><\/figure><figure class='gallery-item'>\n\t\t\t<div class='gallery-icon landscape'>\n\t\t\t\t<a href='https:\/\/www.papyri.ch\/?attachment_id=96'><img loading=\"lazy\" decoding=\"async\" width=\"150\" height=\"150\" src=\"https:\/\/www.papyri.ch\/wp-content\/uploads\/2011\/07\/Fig.3_-Reconstitution-et-conditionnement-150x150.jpg\" class=\"attachment-thumbnail size-thumbnail\" alt=\"\" srcset=\"https:\/\/www.papyri.ch\/wp-content\/uploads\/2011\/07\/Fig.3_-Reconstitution-et-conditionnement-150x150.jpg 150w, https:\/\/www.papyri.ch\/wp-content\/uploads\/2011\/07\/Fig.3_-Reconstitution-et-conditionnement-110x110.jpg 110w\" sizes=\"(max-width: 150px) 100vw, 150px\" \/><\/a>\n\t\t\t<\/div><\/figure><figure class='gallery-item'>\n\t\t\t<div class='gallery-icon landscape'>\n\t\t\t\t<a href='https:\/\/www.papyri.ch\/?attachment_id=98'><img loading=\"lazy\" decoding=\"async\" width=\"150\" height=\"150\" src=\"https:\/\/www.papyri.ch\/wp-content\/uploads\/2011\/07\/DSCN5072-150x150.jpg\" class=\"attachment-thumbnail size-thumbnail\" alt=\"\" srcset=\"https:\/\/www.papyri.ch\/wp-content\/uploads\/2011\/07\/DSCN5072-150x150.jpg 150w, https:\/\/www.papyri.ch\/wp-content\/uploads\/2011\/07\/DSCN5072-110x110.jpg 110w\" sizes=\"(max-width: 150px) 100vw, 150px\" \/><\/a>\n\t\t\t<\/div><\/figure><figure class='gallery-item'>\n\t\t\t<div class='gallery-icon landscape'>\n\t\t\t\t<a href='https:\/\/www.papyri.ch\/?attachment_id=99'><img loading=\"lazy\" decoding=\"async\" width=\"150\" height=\"150\" src=\"https:\/\/www.papyri.ch\/wp-content\/uploads\/2011\/07\/DSCN9823-150x150.jpg\" class=\"attachment-thumbnail size-thumbnail\" alt=\"\" srcset=\"https:\/\/www.papyri.ch\/wp-content\/uploads\/2011\/07\/DSCN9823-150x150.jpg 150w, https:\/\/www.papyri.ch\/wp-content\/uploads\/2011\/07\/DSCN9823-110x110.jpg 110w\" sizes=\"(max-width: 150px) 100vw, 150px\" \/><\/a>\n\t\t\t<\/div><\/figure><figure class='gallery-item'>\n\t\t\t<div class='gallery-icon portrait'>\n\t\t\t\t<a href='https:\/\/www.papyri.ch\/?attachment_id=107'><img loading=\"lazy\" decoding=\"async\" width=\"150\" height=\"150\" src=\"https:\/\/www.papyri.ch\/wp-content\/uploads\/2011\/07\/DSCN7551-150x150.jpg\" class=\"attachment-thumbnail size-thumbnail\" alt=\"\" srcset=\"https:\/\/www.papyri.ch\/wp-content\/uploads\/2011\/07\/DSCN7551-150x150.jpg 150w, https:\/\/www.papyri.ch\/wp-content\/uploads\/2011\/07\/DSCN7551-110x110.jpg 110w\" sizes=\"(max-width: 150px) 100vw, 150px\" \/><\/a>\n\t\t\t<\/div><\/figure><figure class='gallery-item'>\n\t\t\t<div class='gallery-icon portrait'>\n\t\t\t\t<a href='https:\/\/www.papyri.ch\/?attachment_id=108'><img loading=\"lazy\" decoding=\"async\" width=\"118\" height=\"150\" src=\"https:\/\/www.papyri.ch\/wp-content\/uploads\/2011\/07\/0-118x150.jpg\" class=\"attachment-thumbnail size-thumbnail\" alt=\"\" \/><\/a>\n\t\t\t<\/div><\/figure>\n\t\t<\/div>\n<\/p>\n<p>&nbsp;<\/p>\n","protected":false},"excerpt":{"rendered":"<p>Tout acte de restauration est un acte curatif. S&#8217;il n&#8217;est pas associ\u00e9 d&#8217;une r\u00e9flexion globale sur les causes de la d\u00e9gradation de l&#8217;\u0153uvre, il est probable que l&#8217;acte devra se r\u00e9p\u00e9ter dans le temps. Il convient donc de lui joindre des conseils en mati\u00e8re de conservation pr\u00e9ventive. La restauration s&#8217;est construite une vision \u00e9thique qui [&hellip;]<\/p>\n","protected":false},"author":1,"featured_media":0,"parent":0,"menu_order":3,"comment_status":"closed","ping_status":"open","template":"","meta":{"footnotes":""},"class_list":["post-12","page","type-page","status-publish","hentry"],"_links":{"self":[{"href":"https:\/\/www.papyri.ch\/index.php?rest_route=\/wp\/v2\/pages\/12"}],"collection":[{"href":"https:\/\/www.papyri.ch\/index.php?rest_route=\/wp\/v2\/pages"}],"about":[{"href":"https:\/\/www.papyri.ch\/index.php?rest_route=\/wp\/v2\/types\/page"}],"author":[{"embeddable":true,"href":"https:\/\/www.papyri.ch\/index.php?rest_route=\/wp\/v2\/users\/1"}],"replies":[{"embeddable":true,"href":"https:\/\/www.papyri.ch\/index.php?rest_route=%2Fwp%2Fv2%2Fcomments&post=12"}],"version-history":[{"count":16,"href":"https:\/\/www.papyri.ch\/index.php?rest_route=\/wp\/v2\/pages\/12\/revisions"}],"predecessor-version":[{"id":34,"href":"https:\/\/www.papyri.ch\/index.php?rest_route=\/wp\/v2\/pages\/12\/revisions\/34"}],"wp:attachment":[{"href":"https:\/\/www.papyri.ch\/index.php?rest_route=%2Fwp%2Fv2%2Fmedia&parent=12"}],"curies":[{"name":"wp","href":"https:\/\/api.w.org\/{rel}","templated":true}]}}