{"id":2,"date":"2011-07-11T18:10:32","date_gmt":"2011-07-11T18:10:32","guid":{"rendered":"http:\/\/papyri.ch\/wordpress\/?page_id=2"},"modified":"2024-08-02T16:32:11","modified_gmt":"2024-08-02T16:32:11","slug":"sample-page","status":"publish","type":"page","link":"https:\/\/www.papyri.ch\/","title":{"rendered":"Accueil"},"content":{"rendered":"<p>&nbsp;<\/p>\n<p><a href=\"https:\/\/www.papyri.ch\/wp-content\/uploads\/2011\/07\/banderole-pub-papyri-petite.jpg\"><img loading=\"lazy\" decoding=\"async\" class=\"size-thumbnail wp-image-73 aligncenter\" src=\"https:\/\/www.papyri.ch\/wp-content\/uploads\/2011\/07\/banderole-pub-papyri-petite-150x150.jpg\" alt=\"\" width=\"150\" height=\"150\" srcset=\"https:\/\/www.papyri.ch\/wp-content\/uploads\/2011\/07\/banderole-pub-papyri-petite-150x150.jpg 150w, https:\/\/www.papyri.ch\/wp-content\/uploads\/2011\/07\/banderole-pub-papyri-petite-110x110.jpg 110w\" sizes=\"(max-width: 150px) 100vw, 150px\" \/><\/a><\/p>\n<p>L&#8217;atelier Papyri est sp\u00e9cialis\u00e9 dans la conservation-restauration des \u0153uvres graphiques sur les supports papiers, le papyrus ou le parchemin.<\/p>\n<p>Il peut ainsi s&#8217;agir de collections priv\u00e9es, documents d&#8217;archives ou documents arch\u00e9ologiques.<\/p>\n<p>Exemples:<\/p>\n<ul>\n<li>livres anciens manuscrits ou imprim\u00e9s<\/li>\n<li>reliures<\/li>\n<li>dessins<\/li>\n<li>gravures<\/li>\n<li>actes sur parchemin<\/li>\n<li>sceaux<\/li>\n<li>correspondance<\/li>\n<li>papyri<\/li>\n<\/ul>\n","protected":false},"excerpt":{"rendered":"<p>&nbsp; L&#8217;atelier Papyri est sp\u00e9cialis\u00e9 dans la conservation-restauration des \u0153uvres graphiques sur les supports papiers, le papyrus ou le parchemin. Il peut ainsi s&#8217;agir de collections priv\u00e9es, documents d&#8217;archives ou documents arch\u00e9ologiques. Exemples: livres anciens manuscrits ou imprim\u00e9s reliures dessins gravures actes sur parchemin sceaux correspondance papyri<\/p>\n","protected":false},"author":1,"featured_media":0,"parent":0,"menu_order":1,"comment_status":"closed","ping_status":"closed","template":"","meta":{"footnotes":""},"class_list":["post-2","page","type-page","status-publish","hentry"],"_links":{"self":[{"href":"https:\/\/www.papyri.ch\/index.php?rest_route=\/wp\/v2\/pages\/2"}],"collection":[{"href":"https:\/\/www.papyri.ch\/index.php?rest_route=\/wp\/v2\/pages"}],"about":[{"href":"https:\/\/www.papyri.ch\/index.php?rest_route=\/wp\/v2\/types\/page"}],"author":[{"embeddable":true,"href":"https:\/\/www.papyri.ch\/index.php?rest_route=\/wp\/v2\/users\/1"}],"replies":[{"embeddable":true,"href":"https:\/\/www.papyri.ch\/index.php?rest_route=%2Fwp%2Fv2%2Fcomments&post=2"}],"version-history":[{"count":17,"href":"https:\/\/www.papyri.ch\/index.php?rest_route=\/wp\/v2\/pages\/2\/revisions"}],"predecessor-version":[{"id":124,"href":"https:\/\/www.papyri.ch\/index.php?rest_route=\/wp\/v2\/pages\/2\/revisions\/124"}],"wp:attachment":[{"href":"https:\/\/www.papyri.ch\/index.php?rest_route=%2Fwp%2Fv2%2Fmedia&parent=2"}],"curies":[{"name":"wp","href":"https:\/\/api.w.org\/{rel}","templated":true}]}}