{"id":28,"date":"2011-08-09T17:55:23","date_gmt":"2011-08-09T17:55:23","guid":{"rendered":"http:\/\/papyri.ch\/wordpress\/?page_id=28"},"modified":"2024-08-02T14:54:20","modified_gmt":"2024-08-02T14:54:20","slug":"references","status":"publish","type":"page","link":"https:\/\/www.papyri.ch\/?page_id=28","title":{"rendered":"R\u00e9f\u00e9rences"},"content":{"rendered":"<p><strong>Projets en cours<\/strong><\/p>\n<p>&gt;&gt; depuis janvier 2011, mandat\u00e9e par la Fondation Matin Bodmer \u00e0 Cologny pour\u00a0le montage et d\u00e9montage des\u00a0expositions temporaire et permanantes.<a href=\"https:\/\/www.papyri.ch\/wp-content\/uploads\/2011\/08\/n702592493_1287494_2445.jpg\"><img loading=\"lazy\" decoding=\"async\" class=\"alignright wp-image-91 size-full\" src=\"https:\/\/www.papyri.ch\/wp-content\/uploads\/2011\/08\/n702592493_1287494_2445.jpg\" alt=\"\" width=\"401\" height=\"604\" srcset=\"https:\/\/www.papyri.ch\/wp-content\/uploads\/2011\/08\/n702592493_1287494_2445.jpg 401w, https:\/\/www.papyri.ch\/wp-content\/uploads\/2011\/08\/n702592493_1287494_2445-199x300.jpg 199w\" sizes=\"(max-width: 401px) 100vw, 401px\" \/><\/a><\/p>\n<p>&gt;&gt; 2011, restauration de la collection de papyri \u00e9gyptiens du MEN<\/p>\n<p>&nbsp;<\/p>\n<p>Contact avec<strong>:<\/strong><\/p>\n<ul>\n<li>Mus\u00e9e d&#8217;ethnographie de Neuch\u00e2tel<\/li>\n<li>La Fondation Martin Bodmer, Cologny<\/li>\n<li>Mus\u00e9e Bible &#038; Orient, Fribourg<\/li>\n<li>Archives de la commune et paroisse de Romont<\/li>\n<li>Biblioth\u00e8que cantonale universitaire de Fribourg<\/li>\n<li>Archives cantonales vaudoises, Chavannes-pr\u00e8s-Renens<\/li>\n<li>Atelier de restauration des Cordeliers, Fribourg<\/li>\n<li>Atelier Florence Darbre, Nyon<\/li>\n<\/ul>\n<p><strong>Distinctions<\/strong><\/p>\n<ul>\n<li>2010: Bourse BEST-Tr\u00e4chsel. Bourse pour l&#8217;aide \u00e0 l&#8217;entr\u00e9e dans la vie professionnelle offerte \u00e0 2 \u00e9leves dipl\u00f4m\u00e9s exceptionnels de la Haute \u00e9cole des arts de Berne, toutes sections confondues, avec pour objectif d&#8217;appuyer la concr\u00e9tisation de projets culturels dot\u00e9s d&#8217;un potentiel artistique et entrepreneurial particulier.<\/li>\n<li>2009: Bourse Hirschmann. Aide financi\u00e8re apport\u00e9e aux \u00e9l\u00e8ves m\u00e9ritants des HES suisses pour l&#8217;ach\u00e8vement de leur travail de Master.<\/li>\n<\/ul>\n<p><strong>Dipl\u00f4mes<\/strong><\/p>\n<p><em>M A HES in Conservation-Restoration (2010)<br \/>\n<\/em><\/p>\n<p><em>B A HES in Conservation<\/em> (2008)<\/p>\n<p><strong>Formation<\/strong><\/p>\n<ul>\n<li>2007-2010: 3 ann\u00e9es d&#8217;\u00e9tude \u00e0 la Haute \u00e9cole des Arts de Berne, section Conservation-restauration<\/li>\n<li>2005-2007: 2 ann\u00e9es d&#8217;\u00e9tude \u00e0 la Haute \u00e9cole Arc, La Chaux-de-Fonds, section Conservation-restauration<\/li>\n<\/ul>\n<p>&gt;&gt; Stages:<\/p>\n<ul>\n<li>2009: \u00c4gyptisches Museum und Papyrussammlung, Berlin, D (aupr\u00e8s de Frau Dipl. Rest. Myriam Krutzsch)<\/li>\n<li>2009, 2000-2004: Service arch\u00e9ologique de l&#8217;Etat de Fribourg, Fribourg, CH<\/li>\n<li>2008: Forteresse Ou\u00efgour de Por-Bajin, R\u00e9publique de Touva, RU<\/li>\n<li>2007: Mus\u00e9e d&#8217;ethnographie de Neuch\u00e2tel, Neuch\u00e2tel, CH<\/li>\n<li>2006: Mus\u00e9e et Site d&#8217;Augusta Raurica, Augst, CH<\/li>\n<li>2005: Saffron Walden Museum, Saffron Walden Essex, GB<\/li>\n<li>2005: Service arch\u00e9ologique de la R\u00e9publique et canton du Jura, Del\u00e9mont, CH<\/li>\n<li>2004: Atelier Myrdin, copie et reconstitution d&#8217;objets en cuir, Fribourg, CH<\/li>\n<\/ul>\n<p>&gt;&gt; Volontariat:<\/p>\n<ul>\n<li>2009: aide d&#8217;urgence lors de la catastrophe de l&#8217;effondrement des Archives de Cologne<\/li>\n<\/ul>\n<p>&gt;&gt; Emplois:<\/p>\n<ul>\n<li>depuis mars 2010: employ\u00e9e \u00e0 mi-temps par le Service arch\u00e9ologique de l&#8217;Etat de Fribourg (SAEF)<\/li>\n<li>2010-2008: Mediotheck de la HEAB, Berne (job annexe)<\/li>\n<li>2004-2000: Biblioth\u00e8que communale de Romont (job annexe)<\/li>\n<\/ul>\n<p>&gt;&gt; Formation continue\/colloques\/etc. :<\/p>\n<ul>\n<li>oratrice lors du colloque annuel de la Soci\u00e9t\u00e9 suisse de conservation-restauration les 19-20 mai 2011 \u00e0 Berne sur le th\u00e8me: &#8220;Innovations dans la pratique de la conservation&#8221;.<\/li>\n<li>suivit du semestre de cours 2009-2010\u00a0&#8220;Egyptien classique I&#8221; du Dr. Susanne Bickel \u00e0 l&#8217;universit\u00e9 de Fribourg<\/li>\n<li>participante au SIGEGS-Workshop 2008 donn\u00e9\u00a0\u00e0 Berne le 6.11.2008 sur le th\u00e8me:\u00a0\u00a0&#8220;Umgang mit wasser- und brandgesch\u00e4digten B\u00fcchern und Archivalien&#8221;<\/li>\n<\/ul>\n<p><strong>Bibliographie<\/strong><\/p>\n<ul>\n<li>Revertera Fanny, &#8220;<em><strong>D\u00e9gagement, reconstitution et conditionnement d&#8217;un papyrus fragmentaire avec mise en \u00e9vidence de l&#8217;utilisation du glucom\u00e8tre pour l&#8217;identification de la pr\u00e9sence d&#8217;amidon<\/strong><\/em>.&#8221;, Congr\u00e8s annuel de la SCR sur le th\u00e8me &#8220;Innovations dans la pratique de la conservation.&#8221;, Berne, le 19 mai 2011<\/li>\n<li>Revertera (-Sallin) Fanny, &#8220;<strong><em>Le Papyrus retrouve sa vraie nature, d\u00e9gagement et reconstitution du Livre des Morts MEN Eg. 242 de la collection \u00e9gyptienne du Mus\u00e9e d&#8217;ethnographie de Neuch\u00e2tel<\/em>.&#8221;,<\/strong> Professeur mentor: Prof. Dipl. Rest. Elke Mentzel, second rapporteur: Prof. Dr. Susanne Bickel. HEAB, Berne, 2010, non publi\u00e9.<\/li>\n<li>Sallin Fanny, &#8220;<em><strong>Accrochage d&#8217;une oeuvre d&#8217;art graphique de grand format ; avec pour exemple, une oeuvre de l&#8217;artiste Harold Studer<\/strong><\/em>.&#8221;, Professeur mentor: Prof. Mag. Art. Akad.\u00a0Rest. Sebastian Dobrusskin. HEAB, Berne, 2008, non publi\u00e9.<\/li>\n<li>Sallin Fanny, &#8220;<em><strong>Aspects de l&#8217;arch\u00e9ologie. Les techniques de fouilles ; avec comme exemple actuel, \u00e0 Arconciel, la fouille d&#8217;Ar-N\u00e9 II 02<\/strong><\/em>.&#8221;, Coll\u00e8ge Sainte-Croix, Fribourg, 2003, non publi\u00e9.<\/li>\n<\/ul>\n<p><strong>Langues:<\/strong><\/p>\n<p>Fran\u00e7ais (langue maternelle), Allemand (3 ans de cours en Allemand suivis \u00e0 Berne, stages en Allemagne et Suisse al\u00e9manique), Anglais (stage en Angleterre), Latin (8 ans d&#8217;\u00e9tude), Grec ancien (2 ans d&#8217;\u00e9tude)<\/p>\n","protected":false},"excerpt":{"rendered":"<p>Projets en cours &gt;&gt; depuis janvier 2011, mandat\u00e9e par la Fondation Matin Bodmer \u00e0 Cologny pour\u00a0le montage et d\u00e9montage des\u00a0expositions temporaire et permanantes. &gt;&gt; 2011, restauration de la collection de papyri \u00e9gyptiens du MEN &nbsp; Contact avec: Mus\u00e9e d&#8217;ethnographie de Neuch\u00e2tel La Fondation Martin Bodmer, Cologny Mus\u00e9e Bible &#038; Orient, Fribourg Archives de la commune [&hellip;]<\/p>\n","protected":false},"author":1,"featured_media":0,"parent":0,"menu_order":5,"comment_status":"closed","ping_status":"open","template":"","meta":{"footnotes":""},"class_list":["post-28","page","type-page","status-publish","hentry"],"_links":{"self":[{"href":"https:\/\/www.papyri.ch\/index.php?rest_route=\/wp\/v2\/pages\/28"}],"collection":[{"href":"https:\/\/www.papyri.ch\/index.php?rest_route=\/wp\/v2\/pages"}],"about":[{"href":"https:\/\/www.papyri.ch\/index.php?rest_route=\/wp\/v2\/types\/page"}],"author":[{"embeddable":true,"href":"https:\/\/www.papyri.ch\/index.php?rest_route=\/wp\/v2\/users\/1"}],"replies":[{"embeddable":true,"href":"https:\/\/www.papyri.ch\/index.php?rest_route=%2Fwp%2Fv2%2Fcomments&post=28"}],"version-history":[{"count":12,"href":"https:\/\/www.papyri.ch\/index.php?rest_route=\/wp\/v2\/pages\/28\/revisions"}],"predecessor-version":[{"id":123,"href":"https:\/\/www.papyri.ch\/index.php?rest_route=\/wp\/v2\/pages\/28\/revisions\/123"}],"wp:attachment":[{"href":"https:\/\/www.papyri.ch\/index.php?rest_route=%2Fwp%2Fv2%2Fmedia&parent=28"}],"curies":[{"name":"wp","href":"https:\/\/api.w.org\/{rel}","templated":true}]}}