{"id":30,"date":"2011-08-09T17:56:58","date_gmt":"2011-08-09T17:56:58","guid":{"rendered":"http:\/\/papyri.ch\/wordpress\/?page_id=30"},"modified":"2011-08-12T13:15:01","modified_gmt":"2011-08-12T13:15:01","slug":"prestations","status":"publish","type":"page","link":"https:\/\/www.papyri.ch\/?page_id=30","title":{"rendered":"Prestations"},"content":{"rendered":"<p>Au b\u00e9n\u00e9fice d&#8217;un BA in Conservation ainsi que d&#8217;un MA in Conservation-restoration, il m&#8217;est ainsi possible de r\u00e9aliser <em>toute la gamme de prestations \u00e9num\u00e9r\u00e9es ci-dessous<\/em>.<\/p>\n<p><strong>D\u00e9finition des nouveaux titres Bachelor et Master suisses reconnus aussi \u00e0 l&#8217;\u00e9tranger :<\/strong><\/p>\n<p>Le <em>Bachelor of Arts HES in Conservation<\/em> permet d&#8217;\u0153uvrer en mati\u00e8re de conservation pr\u00e9ventive sur les objets et \u0153uvres du Patrimoine. Il permet en outre de r\u00e9aliser des travaux simples de restauration sous l&#8217;\u00e9gide d&#8217;un conservateur-restaurateur agr\u00e9\u00e9.<\/p>\n<p>Champs d&#8217;action :<\/p>\n<ul>\n<li>conditionnement (bo\u00eetes, supports, passe-partout,&#8230;)<\/li>\n<li>montages pour exposition (supports, soclage,&#8230;)<\/li>\n<li>constat d&#8217;\u00e9tat<\/li>\n<li>\u00e9valuation des conditions de conservation, stockage ou exposition et propositions d&#8217;am\u00e9liorations<\/li>\n<\/ul>\n<p>Le <em>Master of Arts HES in Conservation-Restoration<\/em> est la condition pour l&#8217;exercice autonome de la profession, en accord avec les Hautes \u00e9coles et la soci\u00e9t\u00e9 suisse de conservation-restauration. Il permet d&#8217;ouvrir un atelier pour travailler en tant qu&#8217;ind\u00e9pendant ou de diriger une \u00e9quipe et des travaux de conservation-restauration.<\/p>\n<p>Champs d&#8217;action :<\/p>\n<ul>\n<li>travaux de cat\u00e9gorie &#8220;conservation pr\u00e9ventive&#8221; sus mentionn\u00e9s<\/li>\n<li>travaux de restauration curatifs<\/li>\n<li>rapports de conservation-restauration<\/li>\n<\/ul>\n","protected":false},"excerpt":{"rendered":"<p>Au b\u00e9n\u00e9fice d&#8217;un BA in Conservation ainsi que d&#8217;un MA in Conservation-restoration, il m&#8217;est ainsi possible de r\u00e9aliser toute la gamme de prestations \u00e9num\u00e9r\u00e9es ci-dessous. D\u00e9finition des nouveaux titres Bachelor et Master suisses reconnus aussi \u00e0 l&#8217;\u00e9tranger : Le Bachelor of Arts HES in Conservation permet d&#8217;\u0153uvrer en mati\u00e8re de conservation pr\u00e9ventive sur les objets [&hellip;]<\/p>\n","protected":false},"author":1,"featured_media":0,"parent":0,"menu_order":4,"comment_status":"closed","ping_status":"open","template":"","meta":{"footnotes":""},"class_list":["post-30","page","type-page","status-publish","hentry"],"_links":{"self":[{"href":"https:\/\/www.papyri.ch\/index.php?rest_route=\/wp\/v2\/pages\/30"}],"collection":[{"href":"https:\/\/www.papyri.ch\/index.php?rest_route=\/wp\/v2\/pages"}],"about":[{"href":"https:\/\/www.papyri.ch\/index.php?rest_route=\/wp\/v2\/types\/page"}],"author":[{"embeddable":true,"href":"https:\/\/www.papyri.ch\/index.php?rest_route=\/wp\/v2\/users\/1"}],"replies":[{"embeddable":true,"href":"https:\/\/www.papyri.ch\/index.php?rest_route=%2Fwp%2Fv2%2Fcomments&post=30"}],"version-history":[{"count":10,"href":"https:\/\/www.papyri.ch\/index.php?rest_route=\/wp\/v2\/pages\/30\/revisions"}],"predecessor-version":[{"id":38,"href":"https:\/\/www.papyri.ch\/index.php?rest_route=\/wp\/v2\/pages\/30\/revisions\/38"}],"wp:attachment":[{"href":"https:\/\/www.papyri.ch\/index.php?rest_route=%2Fwp%2Fv2%2Fmedia&parent=30"}],"curies":[{"name":"wp","href":"https:\/\/api.w.org\/{rel}","templated":true}]}}