{"id":57,"date":"2011-08-09T21:35:08","date_gmt":"2011-08-09T21:35:08","guid":{"rendered":"http:\/\/papyri.ch\/wordpress\/?page_id=57"},"modified":"2011-08-12T13:05:36","modified_gmt":"2011-08-12T13:05:36","slug":"news","status":"publish","type":"page","link":"https:\/\/www.papyri.ch\/?page_id=57","title":{"rendered":"News"},"content":{"rendered":"<ul>\n<li>journ\u00e9es europ\u00e9ennes du Patrimoine les 10-11 septembre prochains ! Th\u00e8me cette ann\u00e9e: &#8221; Un monde sous nos pieds&#8221;.<\/li>\n<\/ul>\n<p style=\"text-align: right;\"><a href=\"http:\/\/www.venezvisiter.ch\">www.venezvisiter.ch<\/a><\/p>\n<p style=\"text-align: left;\"><strong>Pr\u00e9c\u00e9demment:<\/strong><\/p>\n<ul>\n<li>\n<div style=\"text-align: left;\">28 juillet 2011 \u00e0 20h30, Les jeudis du Sauvage, Pr\u00e9sentation de M. Florien Defferard, archiviste, sur les Archives de la commune et paroisse de Romont, Tour du Sauvage, Romont.<\/div>\n<\/li>\n<\/ul>\n","protected":false},"excerpt":{"rendered":"<p>journ\u00e9es europ\u00e9ennes du Patrimoine les 10-11 septembre prochains ! Th\u00e8me cette ann\u00e9e: &#8221; Un monde sous nos pieds&#8221;. www.venezvisiter.ch Pr\u00e9c\u00e9demment: 28 juillet 2011 \u00e0 20h30, Les jeudis du Sauvage, Pr\u00e9sentation de M. Florien Defferard, archiviste, sur les Archives de la commune et paroisse de Romont, Tour du Sauvage, Romont.<\/p>\n","protected":false},"author":1,"featured_media":0,"parent":0,"menu_order":8,"comment_status":"closed","ping_status":"open","template":"","meta":{"footnotes":""},"class_list":["post-57","page","type-page","status-publish","hentry"],"_links":{"self":[{"href":"https:\/\/www.papyri.ch\/index.php?rest_route=\/wp\/v2\/pages\/57"}],"collection":[{"href":"https:\/\/www.papyri.ch\/index.php?rest_route=\/wp\/v2\/pages"}],"about":[{"href":"https:\/\/www.papyri.ch\/index.php?rest_route=\/wp\/v2\/types\/page"}],"author":[{"embeddable":true,"href":"https:\/\/www.papyri.ch\/index.php?rest_route=\/wp\/v2\/users\/1"}],"replies":[{"embeddable":true,"href":"https:\/\/www.papyri.ch\/index.php?rest_route=%2Fwp%2Fv2%2Fcomments&post=57"}],"version-history":[{"count":7,"href":"https:\/\/www.papyri.ch\/index.php?rest_route=\/wp\/v2\/pages\/57\/revisions"}],"predecessor-version":[{"id":60,"href":"https:\/\/www.papyri.ch\/index.php?rest_route=\/wp\/v2\/pages\/57\/revisions\/60"}],"wp:attachment":[{"href":"https:\/\/www.papyri.ch\/index.php?rest_route=%2Fwp%2Fv2%2Fmedia&parent=57"}],"curies":[{"name":"wp","href":"https:\/\/api.w.org\/{rel}","templated":true}]}}